{"id":357,"date":"2021-07-06T13:05:37","date_gmt":"2021-07-06T13:05:37","guid":{"rendered":"https:\/\/silviaymarcos.com\/?page_id=357"},"modified":"2021-07-21T23:41:42","modified_gmt":"2021-07-21T23:41:42","slug":"la-pedida","status":"publish","type":"page","link":"https:\/\/silviaymarcos.com\/?page_id=357","title":{"rendered":"La Pedida: mayo 2019"},"content":{"rendered":"\t\t<div data-elementor-type=\"wp-page\" data-elementor-id=\"357\" class=\"elementor elementor-357\" data-elementor-post-type=\"page\">\n\t\t\t\t\t\t<section class=\"elementor-section elementor-top-section elementor-element elementor-element-2254edf1 elementor-section-height-min-height elementor-section-boxed elementor-section-height-default elementor-section-items-middle\" data-id=\"2254edf1\" data-element_type=\"section\" data-settings=\"{&quot;background_background&quot;:&quot;classic&quot;}\">\n\t\t\t\t\t\t<div class=\"elementor-container elementor-column-gap-default\">\n\t\t\t\t\t<div class=\"elementor-column elementor-col-100 elementor-top-column elementor-element elementor-element-628e2e06\" data-id=\"628e2e06\" data-element_type=\"column\">\n\t\t\t<div class=\"elementor-widget-wrap\">\n\t\t\t\t\t\t\t<\/div>\n\t\t<\/div>\n\t\t\t\t\t<\/div>\n\t\t<\/section>\n\t\t\t\t<section class=\"elementor-section elementor-top-section elementor-element elementor-element-2036857c elementor-section-boxed elementor-section-height-default elementor-section-height-default\" data-id=\"2036857c\" data-element_type=\"section\">\n\t\t\t\t\t\t<div class=\"elementor-container elementor-column-gap-default\">\n\t\t\t\t\t<div class=\"elementor-column elementor-col-50 elementor-top-column elementor-element elementor-element-7212c158\" data-id=\"7212c158\" data-element_type=\"column\">\n\t\t\t<div class=\"elementor-widget-wrap elementor-element-populated\">\n\t\t\t\t\t\t<section class=\"elementor-section elementor-inner-section elementor-element elementor-element-69218903 elementor-section-boxed elementor-section-height-default elementor-section-height-default\" data-id=\"69218903\" data-element_type=\"section\">\n\t\t\t\t\t\t<div class=\"elementor-container elementor-column-gap-default\">\n\t\t\t\t\t<div class=\"elementor-column elementor-col-100 elementor-inner-column elementor-element elementor-element-5de4ac27\" data-id=\"5de4ac27\" data-element_type=\"column\">\n\t\t\t<div class=\"elementor-widget-wrap elementor-element-populated\">\n\t\t\t\t\t\t<div class=\"elementor-element elementor-element-7b14e95b animated-slow elementor-invisible elementor-widget elementor-widget-heading\" data-id=\"7b14e95b\" data-element_type=\"widget\" data-settings=\"{&quot;_animation&quot;:&quot;fadeInUp&quot;,&quot;_animation_delay&quot;:500}\" data-widget_type=\"heading.default\">\n\t\t\t\t<div class=\"elementor-widget-container\">\n\t\t\t\t\t<h2 class=\"elementor-heading-title elementor-size-default\">LA PEDIDA<\/h2>\t\t\t\t<\/div>\n\t\t\t\t<\/div>\n\t\t\t\t<div class=\"elementor-element elementor-element-54d5cc6a elementor-invisible elementor-widget elementor-widget-text-editor\" data-id=\"54d5cc6a\" data-element_type=\"widget\" data-settings=\"{&quot;_animation&quot;:&quot;fadeInUp&quot;,&quot;_animation_delay&quot;:1000}\" data-widget_type=\"text-editor.default\">\n\t\t\t\t<div class=\"elementor-widget-container\">\n\t\t\t\t\t\t\t\t\t<p>Han sido m\u00e1s 2 a\u00f1os de espera desde la primera pedida, los cuales como siempre a tu lado se han pasado volando y han merecido la pena.<\/p>\t\t\t\t\t\t\t\t<\/div>\n\t\t\t\t<\/div>\n\t\t\t\t<div class=\"elementor-element elementor-element-317a7241 elementor-widget elementor-widget-spacer\" data-id=\"317a7241\" data-element_type=\"widget\" data-widget_type=\"spacer.default\">\n\t\t\t\t<div class=\"elementor-widget-container\">\n\t\t\t\t\t\t\t<div class=\"elementor-spacer\">\n\t\t\t<div class=\"elementor-spacer-inner\"><\/div>\n\t\t<\/div>\n\t\t\t\t\t\t<\/div>\n\t\t\t\t<\/div>\n\t\t\t\t\t<\/div>\n\t\t<\/div>\n\t\t\t\t\t<\/div>\n\t\t<\/section>\n\t\t\t\t<div class=\"elementor-element elementor-element-55de6eb2 elementor-invisible elementor-widget elementor-widget-image\" data-id=\"55de6eb2\" data-element_type=\"widget\" data-settings=\"{&quot;_animation&quot;:&quot;fadeInUp&quot;,&quot;_animation_delay&quot;:1500}\" data-widget_type=\"image.default\">\n\t\t\t\t<div class=\"elementor-widget-container\">\n\t\t\t\t\t\t\t\t\t\t\t\t\t\t\t<img fetchpriority=\"high\" decoding=\"async\" width=\"564\" height=\"376\" src=\"https:\/\/silviaymarcos.com\/wp-content\/uploads\/2021\/07\/caballos.png\" class=\"elementor-animation-shrink attachment-full size-full wp-image-581\" alt=\"\" srcset=\"https:\/\/silviaymarcos.com\/wp-content\/uploads\/2021\/07\/caballos.png 564w, https:\/\/silviaymarcos.com\/wp-content\/uploads\/2021\/07\/caballos-300x200.png 300w\" sizes=\"(max-width: 564px) 100vw, 564px\" \/>\t\t\t\t\t\t\t\t\t\t\t\t\t\t\t<\/div>\n\t\t\t\t<\/div>\n\t\t\t\t<div class=\"elementor-element elementor-element-10dc0601 elementor-widget elementor-widget-spacer\" data-id=\"10dc0601\" data-element_type=\"widget\" data-widget_type=\"spacer.default\">\n\t\t\t\t<div class=\"elementor-widget-container\">\n\t\t\t\t\t\t\t<div class=\"elementor-spacer\">\n\t\t\t<div class=\"elementor-spacer-inner\"><\/div>\n\t\t<\/div>\n\t\t\t\t\t\t<\/div>\n\t\t\t\t<\/div>\n\t\t\t\t<div class=\"elementor-element elementor-element-2e3fdbe8 elementor-invisible elementor-widget elementor-widget-text-editor\" data-id=\"2e3fdbe8\" data-element_type=\"widget\" data-settings=\"{&quot;_animation&quot;:&quot;fadeInUp&quot;,&quot;_animation_delay&quot;:1600}\" data-widget_type=\"text-editor.default\">\n\t\t\t\t<div class=\"elementor-widget-container\">\n\t\t\t\t\t\t\t\t\t<p>Un viaje es el mejor pretexto para tomar una de las decisiones m\u00e1s importantes de nuestra vida.\u00a0\u00a0<\/p>\t\t\t\t\t\t\t\t<\/div>\n\t\t\t\t<\/div>\n\t\t\t\t<div class=\"elementor-element elementor-element-18e53d59 elementor-widget elementor-widget-spacer\" data-id=\"18e53d59\" data-element_type=\"widget\" data-widget_type=\"spacer.default\">\n\t\t\t\t<div class=\"elementor-widget-container\">\n\t\t\t\t\t\t\t<div class=\"elementor-spacer\">\n\t\t\t<div class=\"elementor-spacer-inner\"><\/div>\n\t\t<\/div>\n\t\t\t\t\t\t<\/div>\n\t\t\t\t<\/div>\n\t\t\t\t<section class=\"elementor-section elementor-inner-section elementor-element elementor-element-757c9817 elementor-section-boxed elementor-section-height-default elementor-section-height-default\" data-id=\"757c9817\" data-element_type=\"section\">\n\t\t\t\t\t\t<div class=\"elementor-container elementor-column-gap-no\">\n\t\t\t\t\t<div class=\"elementor-column elementor-col-100 elementor-inner-column elementor-element elementor-element-6b0aaea8\" data-id=\"6b0aaea8\" data-element_type=\"column\">\n\t\t\t<div class=\"elementor-widget-wrap elementor-element-populated\">\n\t\t\t\t\t\t<div class=\"elementor-element elementor-element-5d28080e elementor-invisible elementor-widget elementor-widget-text-editor\" data-id=\"5d28080e\" data-element_type=\"widget\" data-settings=\"{&quot;_animation&quot;:&quot;fadeInUp&quot;}\" data-widget_type=\"text-editor.default\">\n\t\t\t\t<div class=\"elementor-widget-container\">\n\t\t\t\t\t\t\t\t\t<p>LA HISTORIA EMPIEZA AQU\u00cd<\/p>\t\t\t\t\t\t\t\t<\/div>\n\t\t\t\t<\/div>\n\t\t\t\t<div class=\"elementor-element elementor-element-5d2a30ac elementor-invisible elementor-widget elementor-widget-text-editor\" data-id=\"5d2a30ac\" data-element_type=\"widget\" data-settings=\"{&quot;_animation&quot;:&quot;fadeInUp&quot;}\" data-widget_type=\"text-editor.default\">\n\t\t\t\t<div class=\"elementor-widget-container\">\n\t\t\t\t\t\t\t\t\t<p>Fue una ma\u00f1ana de mayo. Sevilla se llenaba de luces.\u00a0<\/p><p>Pase\u00e1bamos por una ciudad que se engalanaba para dar la bienvenida a su Feria, y all\u00ed, entre carruajes, carrozas y caballos, el momento estaba por llegar.<\/p>\t\t\t\t\t\t\t\t<\/div>\n\t\t\t\t<\/div>\n\t\t\t\t\t<\/div>\n\t\t<\/div>\n\t\t\t\t\t<\/div>\n\t\t<\/section>\n\t\t\t\t\t<\/div>\n\t\t<\/div>\n\t\t\t\t<div class=\"elementor-column elementor-col-50 elementor-top-column elementor-element elementor-element-2031c8ab\" data-id=\"2031c8ab\" data-element_type=\"column\">\n\t\t\t<div class=\"elementor-widget-wrap elementor-element-populated\">\n\t\t\t\t\t\t<section class=\"elementor-section elementor-inner-section elementor-element elementor-element-4e5ecceb elementor-section-boxed elementor-section-height-default elementor-section-height-default\" data-id=\"4e5ecceb\" data-element_type=\"section\">\n\t\t\t\t\t\t<div class=\"elementor-container elementor-column-gap-no\">\n\t\t\t\t\t<div class=\"elementor-column elementor-col-100 elementor-inner-column elementor-element elementor-element-15bfa42d\" data-id=\"15bfa42d\" data-element_type=\"column\">\n\t\t\t<div class=\"elementor-widget-wrap elementor-element-populated\">\n\t\t\t\t\t\t<div class=\"elementor-element elementor-element-5863beed elementor-invisible elementor-widget elementor-widget-image\" data-id=\"5863beed\" data-element_type=\"widget\" data-settings=\"{&quot;_animation&quot;:&quot;fadeInUp&quot;,&quot;_animation_delay&quot;:1200}\" data-widget_type=\"image.default\">\n\t\t\t\t<div class=\"elementor-widget-container\">\n\t\t\t\t\t\t\t\t\t\t\t\t\t\t\t<img decoding=\"async\" width=\"228\" height=\"340\" src=\"https:\/\/silviaymarcos.com\/wp-content\/uploads\/2021\/07\/siquiero.png\" class=\"elementor-animation-shrink attachment-full size-full wp-image-582\" alt=\"\" srcset=\"https:\/\/silviaymarcos.com\/wp-content\/uploads\/2021\/07\/siquiero.png 228w, https:\/\/silviaymarcos.com\/wp-content\/uploads\/2021\/07\/siquiero-201x300.png 201w\" sizes=\"(max-width: 228px) 100vw, 228px\" \/>\t\t\t\t\t\t\t\t\t\t\t\t\t\t\t<\/div>\n\t\t\t\t<\/div>\n\t\t\t\t<div class=\"elementor-element elementor-element-297f4f28 elementor-invisible elementor-widget elementor-widget-text-editor\" data-id=\"297f4f28\" data-element_type=\"widget\" data-settings=\"{&quot;_animation&quot;:&quot;fadeInUp&quot;}\" data-widget_type=\"text-editor.default\">\n\t\t\t\t<div class=\"elementor-widget-container\">\n\t\t\t\t\t\t\t\t\t<p>LA PROPUESTA<\/p>\t\t\t\t\t\t\t\t<\/div>\n\t\t\t\t<\/div>\n\t\t\t\t<div class=\"elementor-element elementor-element-591278d7 elementor-invisible elementor-widget elementor-widget-heading\" data-id=\"591278d7\" data-element_type=\"widget\" data-settings=\"{&quot;_animation&quot;:&quot;fadeInUp&quot;}\" data-widget_type=\"heading.default\">\n\t\t\t\t<div class=\"elementor-widget-container\">\n\t\t\t\t\t<h3 class=\"elementor-heading-title elementor-size-default\">Y Ella dijo S\u00cd<\/h3>\t\t\t\t<\/div>\n\t\t\t\t<\/div>\n\t\t\t\t<div class=\"elementor-element elementor-element-7d1652fb elementor-invisible elementor-widget elementor-widget-text-editor\" data-id=\"7d1652fb\" data-element_type=\"widget\" data-settings=\"{&quot;_animation&quot;:&quot;fadeInUp&quot;}\" data-widget_type=\"text-editor.default\">\n\t\t\t\t<div class=\"elementor-widget-container\">\n\t\t\t\t\t\t\t\t\t<p>El apuesto pretendiente se preparaba para su cometido. La pareja pase\u00f3 por la ciudad hispalense disfrutando de la alegr\u00eda de la ciudad hasta llegar a la Plaza de Espa\u00f1a.\u00a0<\/p><p>All\u00ed Marcos, lo tuvo claro: el puente de Navarra.<\/p><p>Despu\u00e9s de remar con prestancia para intentar alejarse del resto de barcas y cruzar los puentes anteriores, el tiempo se detuvo.<\/p><p>De repente, se quedaron s\u00f3los, la plaza entera se vaci\u00f3 y el resto de barcas que hab\u00eda hasta ese momento se difuminaban en la lejan\u00eda.<\/p><p>Entonces, fue el momento perfecto en el que al lado de un precioso pato de alas verdes brillantes,\u00a0 (el cual nos hab\u00eda seguido los \u00faltimos metros como si intuyera que algo importante estaba por llegar).<\/p><p>El apuesto joven encontr\u00f3 un lugar m\u00e1gico en el que darle la vuelta a la barca y justo debajo del puente de Navarra, arrodillarse en la peque\u00f1a barquita de madera, la cual nunca olvidaremos.\u00a0<\/p><p>Qu\u00e9 f\u00e1cil es decir \u00absi quiero\u00bb cuando encontraste el amor de tu vida.\u00a0<\/p>\t\t\t\t\t\t\t\t<\/div>\n\t\t\t\t<\/div>\n\t\t\t\t\t<\/div>\n\t\t<\/div>\n\t\t\t\t\t<\/div>\n\t\t<\/section>\n\t\t\t\t\t<\/div>\n\t\t<\/div>\n\t\t\t\t\t<\/div>\n\t\t<\/section>\n\t\t\t\t<section class=\"elementor-section elementor-top-section elementor-element elementor-element-c3ba97d elementor-section-boxed elementor-section-height-default elementor-section-height-default\" data-id=\"c3ba97d\" data-element_type=\"section\">\n\t\t\t\t\t\t<div class=\"elementor-container elementor-column-gap-no\">\n\t\t\t\t\t<div class=\"elementor-column elementor-col-33 elementor-top-column elementor-element elementor-element-5ba496a0\" data-id=\"5ba496a0\" data-element_type=\"column\">\n\t\t\t<div class=\"elementor-widget-wrap elementor-element-populated\">\n\t\t\t\t\t\t<div class=\"elementor-element elementor-element-18fec4c6 elementor-invisible elementor-widget elementor-widget-image\" data-id=\"18fec4c6\" data-element_type=\"widget\" data-settings=\"{&quot;_animation&quot;:&quot;fadeInLeft&quot;,&quot;_animation_delay&quot;:200}\" data-widget_type=\"image.default\">\n\t\t\t\t<div class=\"elementor-widget-container\">\n\t\t\t\t\t\t\t\t\t\t\t\t\t\t\t<img decoding=\"async\" width=\"284\" height=\"398\" src=\"https:\/\/silviaymarcos.com\/wp-content\/uploads\/2021\/07\/puente.png\" class=\"elementor-animation-shrink attachment-full size-full wp-image-583\" alt=\"\" srcset=\"https:\/\/silviaymarcos.com\/wp-content\/uploads\/2021\/07\/puente.png 284w, https:\/\/silviaymarcos.com\/wp-content\/uploads\/2021\/07\/puente-214x300.png 214w\" sizes=\"(max-width: 284px) 100vw, 284px\" \/>\t\t\t\t\t\t\t\t\t\t\t\t\t\t\t<\/div>\n\t\t\t\t<\/div>\n\t\t\t\t\t<\/div>\n\t\t<\/div>\n\t\t\t\t<div class=\"elementor-column elementor-col-33 elementor-top-column elementor-element elementor-element-d68b8c1\" data-id=\"d68b8c1\" data-element_type=\"column\">\n\t\t\t<div class=\"elementor-widget-wrap elementor-element-populated\">\n\t\t\t\t\t\t<div class=\"elementor-element elementor-element-7a71e816 elementor-invisible elementor-widget elementor-widget-image\" data-id=\"7a71e816\" data-element_type=\"widget\" data-settings=\"{&quot;_animation&quot;:&quot;fadeInLeft&quot;}\" data-widget_type=\"image.default\">\n\t\t\t\t<div class=\"elementor-widget-container\">\n\t\t\t\t\t\t\t\t\t\t\t\t\t\t\t<img loading=\"lazy\" decoding=\"async\" width=\"284\" height=\"398\" src=\"https:\/\/silviaymarcos.com\/wp-content\/uploads\/2021\/07\/beso.png\" class=\"elementor-animation-shrink attachment-full size-full wp-image-584\" alt=\"\" srcset=\"https:\/\/silviaymarcos.com\/wp-content\/uploads\/2021\/07\/beso.png 284w, https:\/\/silviaymarcos.com\/wp-content\/uploads\/2021\/07\/beso-214x300.png 214w\" sizes=\"(max-width: 284px) 100vw, 284px\" \/>\t\t\t\t\t\t\t\t\t\t\t\t\t\t\t<\/div>\n\t\t\t\t<\/div>\n\t\t\t\t\t<\/div>\n\t\t<\/div>\n\t\t\t\t<div class=\"elementor-column elementor-col-33 elementor-top-column elementor-element elementor-element-5e057836\" data-id=\"5e057836\" data-element_type=\"column\">\n\t\t\t<div class=\"elementor-widget-wrap elementor-element-populated\">\n\t\t\t\t\t\t<div class=\"elementor-element elementor-element-52b8667 elementor-invisible elementor-widget elementor-widget-heading\" data-id=\"52b8667\" data-element_type=\"widget\" data-settings=\"{&quot;_animation&quot;:&quot;fadeInRight&quot;}\" data-widget_type=\"heading.default\">\n\t\t\t\t<div class=\"elementor-widget-container\">\n\t\t\t\t\t<h3 class=\"elementor-heading-title elementor-size-default\">COMPROMISO CON HISTORIA<\/h3>\t\t\t\t<\/div>\n\t\t\t\t<\/div>\n\t\t\t\t<div class=\"elementor-element elementor-element-54a6b0aa elementor-invisible elementor-widget elementor-widget-text-editor\" data-id=\"54a6b0aa\" data-element_type=\"widget\" data-settings=\"{&quot;_animation&quot;:&quot;fadeInRight&quot;,&quot;_animation_delay&quot;:200}\" data-widget_type=\"text-editor.default\">\n\t\t\t\t<div class=\"elementor-widget-container\">\n\t\t\t\t\t\t\t\t\t<p>Tras la primera pedida tuvimos claro que la fecha ser\u00eda el 20 de junio de 2020. Quer\u00edamos que fuera en junio, y el s\u00e1bado 20 nos conquist\u00f3.\u00a0<\/p><p>La pandemia hizo que tuvi\u00e9ramos que posponerla y buscamos una nueva: el 22 de agosto.\u00a0<\/p><p>Llegado el momento, tuvimos que tomar la decisi\u00f3n final de aplazarla al: 31 de julio de 2021.<\/p><p>Dicen&#8230;que a la tercera va la vencida&#8230;<\/p><p>\u00a0<\/p><p>\u00a0<\/p>\t\t\t\t\t\t\t\t<\/div>\n\t\t\t\t<\/div>\n\t\t\t\t\t<\/div>\n\t\t<\/div>\n\t\t\t\t\t<\/div>\n\t\t<\/section>\n\t\t\t\t<section class=\"elementor-section elementor-top-section elementor-element elementor-element-131b1670 elementor-section-boxed elementor-section-height-default elementor-section-height-default\" data-id=\"131b1670\" data-element_type=\"section\" data-settings=\"{&quot;background_background&quot;:&quot;classic&quot;}\">\n\t\t\t\t\t\t<div class=\"elementor-container elementor-column-gap-default\">\n\t\t\t\t\t<div class=\"elementor-column elementor-col-100 elementor-top-column elementor-element elementor-element-7fea35b\" data-id=\"7fea35b\" data-element_type=\"column\">\n\t\t\t<div class=\"elementor-widget-wrap elementor-element-populated\">\n\t\t\t\t\t\t<div class=\"elementor-element elementor-element-51eb6496 elementor-blockquote--skin-quotation elementor-blockquote--align-left animated-slow elementor-blockquote--button-color-official elementor-invisible elementor-widget elementor-widget-blockquote\" data-id=\"51eb6496\" data-element_type=\"widget\" data-settings=\"{&quot;_animation&quot;:&quot;fadeInUp&quot;,&quot;_animation_delay&quot;:300}\" data-widget_type=\"blockquote.default\">\n\t\t\t\t<div class=\"elementor-widget-container\">\n\t\t\t\t\t\t\t<blockquote class=\"elementor-blockquote\">\n\t\t\t<p class=\"elementor-blockquote__content\">\n\t\t\t\tTe amo de esta manera porque no conozco otra forma de amor; por eso quiero pedirte que te cases conmigo. \t\t\t<\/p>\n\t\t\t\t\t\t\t<div class=\"e-q-footer\">\n\t\t\t\t\t\t\t\t\t\t\t<cite class=\"elementor-blockquote__author\">marcos &amp; Silvia<\/cite>\n\t\t\t\t\t\t\t\t\t\t\t\t\t\t<\/div>\n\t\t\t\t\t<\/blockquote>\n\t\t\t\t\t\t<\/div>\n\t\t\t\t<\/div>\n\t\t\t\t\t<\/div>\n\t\t<\/div>\n\t\t\t\t\t<\/div>\n\t\t<\/section>\n\t\t\t\t<section class=\"elementor-section elementor-top-section elementor-element elementor-element-4c57a4bd elementor-section-boxed elementor-section-height-default elementor-section-height-default\" data-id=\"4c57a4bd\" data-element_type=\"section\">\n\t\t\t\t\t\t<div class=\"elementor-container elementor-column-gap-no\">\n\t\t\t\t\t<div class=\"elementor-column elementor-col-66 elementor-top-column elementor-element elementor-element-56a3d82f\" data-id=\"56a3d82f\" data-element_type=\"column\">\n\t\t\t<div class=\"elementor-widget-wrap elementor-element-populated\">\n\t\t\t\t\t\t<div class=\"elementor-element elementor-element-2fc7ccc9 elementor-invisible elementor-widget elementor-widget-image\" data-id=\"2fc7ccc9\" data-element_type=\"widget\" data-settings=\"{&quot;_animation&quot;:&quot;fadeInUp&quot;}\" data-widget_type=\"image.default\">\n\t\t\t\t<div class=\"elementor-widget-container\">\n\t\t\t\t\t\t\t\t\t\t\t\t\t\t\t<img loading=\"lazy\" decoding=\"async\" width=\"850\" height=\"638\" src=\"https:\/\/silviaymarcos.com\/wp-content\/uploads\/2021\/07\/anillos.jpg\" class=\"elementor-animation-shrink attachment-full size-full wp-image-586\" alt=\"\" srcset=\"https:\/\/silviaymarcos.com\/wp-content\/uploads\/2021\/07\/anillos.jpg 850w, https:\/\/silviaymarcos.com\/wp-content\/uploads\/2021\/07\/anillos-300x225.jpg 300w, https:\/\/silviaymarcos.com\/wp-content\/uploads\/2021\/07\/anillos-768x576.jpg 768w\" sizes=\"(max-width: 850px) 100vw, 850px\" \/>\t\t\t\t\t\t\t\t\t\t\t\t\t\t\t<\/div>\n\t\t\t\t<\/div>\n\t\t\t\t<div class=\"elementor-element elementor-element-2f57c24a animated-slow elementor-invisible elementor-widget elementor-widget-text-editor\" data-id=\"2f57c24a\" data-element_type=\"widget\" data-settings=\"{&quot;_animation&quot;:&quot;fadeInUp&quot;}\" data-widget_type=\"text-editor.default\">\n\t\t\t\t<div class=\"elementor-widget-container\">\n\t\t\t\t\t\t\t\t\t<p>La llegada del nuevo a\u00f1o trajo tambi\u00e9n una segunda pedida.\u00a0<\/p><p>El 30 de diciembre de 2020, llegaba la segunda pedida matrimonial, con el segundo anillo incluido.<\/p>\t\t\t\t\t\t\t\t<\/div>\n\t\t\t\t<\/div>\n\t\t\t\t\t<\/div>\n\t\t<\/div>\n\t\t\t\t<div class=\"elementor-column elementor-col-33 elementor-top-column elementor-element elementor-element-24bc810\" data-id=\"24bc810\" data-element_type=\"column\">\n\t\t\t<div class=\"elementor-widget-wrap elementor-element-populated\">\n\t\t\t\t\t\t<div class=\"elementor-element elementor-element-ba54b98 elementor-invisible elementor-widget elementor-widget-heading\" data-id=\"ba54b98\" data-element_type=\"widget\" data-settings=\"{&quot;_animation&quot;:&quot;fadeInUp&quot;}\" data-widget_type=\"heading.default\">\n\t\t\t\t<div class=\"elementor-widget-container\">\n\t\t\t\t\t<h3 class=\"elementor-heading-title elementor-size-default\">UNA NUEVA OPORTUNIDAD...<\/h3>\t\t\t\t<\/div>\n\t\t\t\t<\/div>\n\t\t\t\t<div class=\"elementor-element elementor-element-22e9e87f elementor-invisible elementor-widget elementor-widget-text-editor\" data-id=\"22e9e87f\" data-element_type=\"widget\" data-settings=\"{&quot;_animation&quot;:&quot;fadeInUp&quot;,&quot;_animation_delay&quot;:200}\" data-widget_type=\"text-editor.default\">\n\t\t\t\t<div class=\"elementor-widget-container\">\n\t\t\t\t\t\t\t\t\t<p>La \u00abno boda\u00bb la decidimos celebrar en Menorca. Una oportunidad para viajar a una isla que no conoc\u00edamos.\u00a0<\/p><p>Pasamos el d\u00eda de nuestra boda navegando por el Mediterr\u00e1neo, brindando con champ\u00e1n y con el recuerdo de todos los que nos quieren, que ese d\u00eda estuvieron tambi\u00e9n junto a nosotros.<\/p>\t\t\t\t\t\t\t\t<\/div>\n\t\t\t\t<\/div>\n\t\t\t\t<div class=\"elementor-element elementor-element-71708332 elementor-invisible elementor-widget elementor-widget-image\" data-id=\"71708332\" data-element_type=\"widget\" data-settings=\"{&quot;_animation&quot;:&quot;fadeInUp&quot;,&quot;_animation_delay&quot;:400}\" data-widget_type=\"image.default\">\n\t\t\t\t<div class=\"elementor-widget-container\">\n\t\t\t\t\t\t\t\t\t\t\t\t\t\t\t<img loading=\"lazy\" decoding=\"async\" width=\"512\" height=\"340\" src=\"https:\/\/silviaymarcos.com\/wp-content\/uploads\/2021\/07\/menorca.png\" class=\"elementor-animation-shrink attachment-full size-full wp-image-587\" alt=\"\" srcset=\"https:\/\/silviaymarcos.com\/wp-content\/uploads\/2021\/07\/menorca.png 512w, https:\/\/silviaymarcos.com\/wp-content\/uploads\/2021\/07\/menorca-300x199.png 300w\" sizes=\"(max-width: 512px) 100vw, 512px\" \/>\t\t\t\t\t\t\t\t\t\t\t\t\t\t\t<\/div>\n\t\t\t\t<\/div>\n\t\t\t\t\t<\/div>\n\t\t<\/div>\n\t\t\t\t\t<\/div>\n\t\t<\/section>\n\t\t\t\t<section class=\"elementor-section elementor-top-section elementor-element elementor-element-45cb8f5d elementor-section-height-min-height elementor-section-boxed elementor-section-height-default elementor-section-items-middle\" data-id=\"45cb8f5d\" data-element_type=\"section\" data-settings=\"{&quot;background_background&quot;:&quot;classic&quot;,&quot;background_motion_fx_motion_fx_scrolling&quot;:&quot;yes&quot;,&quot;background_motion_fx_translateY_effect&quot;:&quot;yes&quot;,&quot;background_motion_fx_translateY_speed&quot;:{&quot;unit&quot;:&quot;px&quot;,&quot;size&quot;:3,&quot;sizes&quot;:[]},&quot;background_motion_fx_translateY_affectedRange&quot;:{&quot;unit&quot;:&quot;%&quot;,&quot;size&quot;:&quot;&quot;,&quot;sizes&quot;:{&quot;start&quot;:0,&quot;end&quot;:100}},&quot;background_motion_fx_devices&quot;:[&quot;desktop&quot;,&quot;tablet&quot;,&quot;mobile&quot;]}\">\n\t\t\t\t\t\t\t<div class=\"elementor-background-overlay\"><\/div>\n\t\t\t\t\t\t\t<div class=\"elementor-container elementor-column-gap-default\">\n\t\t\t\t\t<div class=\"elementor-column elementor-col-100 elementor-top-column elementor-element elementor-element-2747e509\" data-id=\"2747e509\" data-element_type=\"column\">\n\t\t\t<div class=\"elementor-widget-wrap elementor-element-populated\">\n\t\t\t\t\t\t<div class=\"elementor-element elementor-element-60b395e8 elementor-widget elementor-widget-heading\" data-id=\"60b395e8\" data-element_type=\"widget\" data-widget_type=\"heading.default\">\n\t\t\t\t<div class=\"elementor-widget-container\">\n\t\t\t\t\t<h2 class=\"elementor-heading-title elementor-size-default\">te espero en el altar \ud83d\ude09<\/h2>\t\t\t\t<\/div>\n\t\t\t\t<\/div>\n\t\t\t\t<div class=\"elementor-element elementor-element-25b65a6b elementor-widget elementor-widget-text-editor\" data-id=\"25b65a6b\" data-element_type=\"widget\" data-widget_type=\"text-editor.default\">\n\t\t\t\t<div class=\"elementor-widget-container\">\n\t\t\t\t\t\t\t\t\t<p>Y tras esta historia tan bonita, fueron felices para siempre<\/p>\t\t\t\t\t\t\t\t<\/div>\n\t\t\t\t<\/div>\n\t\t\t\t<div class=\"elementor-element elementor-element-25f9fa41 elementor-align-center elementor-widget elementor-widget-button\" data-id=\"25f9fa41\" data-element_type=\"widget\" data-widget_type=\"button.default\">\n\t\t\t\t<div class=\"elementor-widget-container\">\n\t\t\t\t\t\t\t\t\t<div class=\"elementor-button-wrapper\">\n\t\t\t\t\t<a class=\"elementor-button elementor-button-link elementor-size-md\" href=\"#\">\n\t\t\t\t\t\t<span class=\"elementor-button-content-wrapper\">\n\t\t\t\t\t\t\t\t\t<span class=\"elementor-button-text\">31 - 07 - 2021<\/span>\n\t\t\t\t\t<\/span>\n\t\t\t\t\t<\/a>\n\t\t\t\t<\/div>\n\t\t\t\t\t\t\t\t<\/div>\n\t\t\t\t<\/div>\n\t\t\t\t\t<\/div>\n\t\t<\/div>\n\t\t\t\t\t<\/div>\n\t\t<\/section>\n\t\t\t\t<\/div>\n\t\t","protected":false},"excerpt":{"rendered":"<p>LA PEDIDA Han sido m\u00e1s 2 a\u00f1os de espera desde la primera pedida, los cuales como siempre a tu lado se han pasado volando y han merecido la pena. Un viaje es el mejor pretexto para tomar una de las decisiones m\u00e1s importantes de nuestra vida.\u00a0\u00a0 LA HISTORIA EMPIEZA AQU\u00cd Fue una ma\u00f1ana de mayo. [&hellip;]<\/p>\n","protected":false},"author":1,"featured_media":0,"parent":0,"menu_order":0,"comment_status":"closed","ping_status":"closed","template":"elementor_canvas","meta":{"footnotes":""},"class_list":["post-357","page","type-page","status-publish","hentry"],"_links":{"self":[{"href":"https:\/\/silviaymarcos.com\/index.php?rest_route=\/wp\/v2\/pages\/357","targetHints":{"allow":["GET"]}}],"collection":[{"href":"https:\/\/silviaymarcos.com\/index.php?rest_route=\/wp\/v2\/pages"}],"about":[{"href":"https:\/\/silviaymarcos.com\/index.php?rest_route=\/wp\/v2\/types\/page"}],"author":[{"embeddable":true,"href":"https:\/\/silviaymarcos.com\/index.php?rest_route=\/wp\/v2\/users\/1"}],"replies":[{"embeddable":true,"href":"https:\/\/silviaymarcos.com\/index.php?rest_route=%2Fwp%2Fv2%2Fcomments&post=357"}],"version-history":[{"count":28,"href":"https:\/\/silviaymarcos.com\/index.php?rest_route=\/wp\/v2\/pages\/357\/revisions"}],"predecessor-version":[{"id":702,"href":"https:\/\/silviaymarcos.com\/index.php?rest_route=\/wp\/v2\/pages\/357\/revisions\/702"}],"wp:attachment":[{"href":"https:\/\/silviaymarcos.com\/index.php?rest_route=%2Fwp%2Fv2%2Fmedia&parent=357"}],"curies":[{"name":"wp","href":"https:\/\/api.w.org\/{rel}","templated":true}]}}